{"id":2321,"date":"2020-03-08T13:55:08","date_gmt":"2020-03-08T13:55:08","guid":{"rendered":"https:\/\/herzenswunsch.cloud\/?page_id=2321"},"modified":"2020-03-08T15:15:48","modified_gmt":"2020-03-08T15:15:48","slug":"unsere-erfahrungen","status":"publish","type":"page","link":"https:\/\/herzenswunsch.cloud\/?page_id=2321","title":{"rendered":"Unsere Erfahrungen"},"content":{"rendered":"\n<h2 class=\"wp-block-heading\">Von Manuela<\/h2>\n\n\n\n<p>Wie ich zum Auslandstierschutz gekommen bin, meine Geschichte.<\/p>\n\n\n\n<p>Im Herbst 2014\nhatte ich einen Termin bei Dania Hollenstein im Tattoo Studio. Von Dania weiss\nich das sie sich extrem f\u00fcr Tiere und vor allem der Tierschutz im Ausland\nengagierte. Und so sind wir auf ein Projekt in Spanien zusprechen kommen.<\/p>\n\n\n\n<p>Sie erz\u00e4hlte mir\ndas sie im Sommer 2014 in einem Refugio in Spanien arbeiten war und dass es ihr\nsehr gefallen hat, einfach mal was anderes zu tun. Es hat sich f\u00fcr mich sehr\ninteressant und spannend angeh\u00f6rt.<\/p>\n\n\n\n<p>Ich bin nach\nHause und habe mich gleich an die Arbeit gemacht die Seite zu durchst\u00f6bern die\nDania mir gesagt hat. Und ich war wie gefesselt. <\/p>\n\n\n\n<p>Jedoch war im\nersten Moment die Vorfreude mehr als dann das wirkliche Interesse. Der Gedanke\nmal einen Aufenthalt in einem Refugio zu machen war noch da, jedoch nicht mehr\ndas ich dies unbedingt mal erleben muss.<\/p>\n\n\n\n<p>Als dann\nWeihnachten vor der T\u00fcr stand und alle diese Bettelbriefe wieder in den\nBriefk\u00e4sten landeten wurde mein Interesse am Tierschutz erneut geweckt. Ich\nhabe mir Gedanken gemacht betreibe ich den auch Tierschutz? Eigentlich ist es\nein sehr wichtiges Thema.<\/p>\n\n\n\n<p>Dann habe ich\nzur\u00fcckgedacht und mir ist eigefallen das wir schon immer das Flair hatten Tiere\nbei uns aufzunehmen die niemand mehr wollte. F\u00fcnf kleine Katzen die ertr\u00e4nkt\nwerden sollten, M\u00e4use die man sonst in die Wildnis setzte usw. <\/p>\n\n\n\n<p>Ich habe die\nSeite des Refugio in Spanien erneut ge\u00f6ffnet und habe sie meinem damaligen\nPartner und zwei Freundinnen gezeigt.<\/p>\n\n\n\n<div class=\"wp-block-image\"><figure class=\"alignright size-large\"><img loading=\"lazy\" decoding=\"async\" width=\"286\" height=\"381\" src=\"https:\/\/herzenswunsch.cloud\/wp-content\/uploads\/2020\/03\/manutext5.jpg\" alt=\"\" class=\"wp-image-2325\" srcset=\"https:\/\/herzenswunsch.cloud\/wp-content\/uploads\/2020\/03\/manutext5.jpg 286w, https:\/\/herzenswunsch.cloud\/wp-content\/uploads\/2020\/03\/manutext5-225x300.jpg 225w\" sizes=\"auto, (max-width: 286px) 100vw, 286px\" \/><\/figure><\/div>\n\n\n\n<p>Alle waren sofort begeistert und so ist es\ndazu gekommen das wir uns auf der Seite angemeldet haben und eine Woche\nabgemacht haben.<\/p>\n\n\n\n<p>So ging es im\nSommer 2015 nach Spanien und habe mich von meiner Mutter mit dem Satz \u00ab nei\nMami, ich nimme kein Hund hei \u00bb verabschiedet. Im Gep\u00e4ck viele Sachspenden und\nGeld.<\/p>\n\n\n\n<p>Unsere\nHauptaufgabe bestand darin, dass wir die zwei grossen Mama Boxen direkt bei\nunseren Zimmern sauber hielten und das Katzenzimmer aufzur\u00e4umen. Wir durften\nhinter dem Refugio einen grossen H\u00fchnerstall bauen und haben Hunde die nicht in\nden Auslauf konnten spazieren gef\u00fchrt.<\/p>\n\n\n\n<p>Wir halfen beim\nj\u00e4hrlichen impfen der Hunde und was man nicht vergessen darf das streicheln und\nknuddeln der Hunde.<\/p>\n\n\n\n<div class=\"wp-block-image\"><figure class=\"alignleft size-large\"><img loading=\"lazy\" decoding=\"async\" width=\"288\" height=\"385\" src=\"https:\/\/herzenswunsch.cloud\/wp-content\/uploads\/2020\/03\/manutext4.jpg\" alt=\"\" class=\"wp-image-2326\" srcset=\"https:\/\/herzenswunsch.cloud\/wp-content\/uploads\/2020\/03\/manutext4.jpg 288w, https:\/\/herzenswunsch.cloud\/wp-content\/uploads\/2020\/03\/manutext4-224x300.jpg 224w\" sizes=\"auto, (max-width: 288px) 100vw, 288px\" \/><\/figure><\/div>\n\n\n\n<p>Was so toll war, hat aber total viele\nSchattenseiten. Eine Katze hat ihre Jungen aufgefressen aus Angst man k\u00f6nne ihr\ndie Kleien wegnehmen. Als wir eines Morgens ihre Box saubermachen wollten,\nkonnten wir nur noch die K\u00f6pfe der Kleinen aus dem K\u00e4fig fischen.<\/p>\n\n\n\n<p>Wen wir in die\nStadt sind, haben wir jedes Mal tote Hunde am Strassenrand gesehen.<\/p>\n\n\n\n<p>An einem Abend haben\nwir sogar versucht einen verletzten Hund einzufangen. Leider ist die Besitzerin\nder Refugios gest\u00fcrzt und hat sich den Kn\u00f6chel ziemlich heftig verstaucht.<\/p>\n\n\n\n<p>Bei all diesen\neindr\u00fccken die ich Spanien sammeln konnte ist mir einer aber total ins Herz\ngefahren. Eine kleine H\u00fcndin, die alle Z\u00e4une hinter sich liess. Diese kleine\ns\u00fcsse Maus die von Anfang an mein Herz im Sturm eroberte.<\/p>\n\n\n\n<div class=\"wp-block-image\"><figure class=\"alignright size-large\"><img loading=\"lazy\" decoding=\"async\" width=\"294\" height=\"393\" src=\"https:\/\/herzenswunsch.cloud\/wp-content\/uploads\/2020\/03\/manutext3.jpg\" alt=\"\" class=\"wp-image-2327\" srcset=\"https:\/\/herzenswunsch.cloud\/wp-content\/uploads\/2020\/03\/manutext3.jpg 294w, https:\/\/herzenswunsch.cloud\/wp-content\/uploads\/2020\/03\/manutext3-224x300.jpg 224w\" sizes=\"auto, (max-width: 294px) 100vw, 294px\" \/><\/figure><\/div>\n\n\n\n<p>Meine Dina\u2026<\/p>\n\n\n\n<p>Schon am ersten\nAbend als ich im Refugio angekommen bin ist sie mir gleich auf meine Beine\ngesessen. Immer mit einem kleinen bisschen Panik in den Augen, aber so\nliebevoll.<\/p>\n\n\n\n<p>Diese Woche in\nSpanien ging nicht Spurlos an mir vorbei. Nach einer Woche habe ich diverse\nNarben auf der Haut und im Herzen davongetragen. Ich fragte mich die ganze\nWoche, wieso?? Was kann dir ein Tier antun das man er so qu\u00e4len muss. <\/p>\n\n\n\n<p>Wieso muss man\nHunde an einen Baum h\u00e4ngen? Ist es notwendig ein Tier das sein ganzes Leben f\u00fcr\ndich opfern w\u00fcrde so zu behandeln?<\/p>\n\n\n\n<p>Ich habe bemerkt\ndas in mir etwas anders ist. Auf dem nachhause Flug von Spanien, habe ich 4\nStunden geweint.<\/p>\n\n\n\n<p>Alles was ich da\nerlebt habe ist in mir hochgekommen. Alle Gef\u00fchle die ich da nicht zeigen\nkonnte sind aus mir geplatzt. Ich habe nur noch geweint. Und von Dina, habe ich\nmich nicht mal verabschiedet, den das h\u00e4tte mir mein Herz endg\u00fcltig zerrissen.<\/p>\n\n\n\n<p>Diese Woche\nvoller Eindr\u00fccke und Emotionen ist einer der tollsten die ich in meinem Leben\nbis jetzt erleben durfte. Ich habe vieles gelernt und konnte auch viel von\nmeinen Ideen einbringen.<\/p>\n\n\n\n<p>Eines habe ich da\ngelernt. Nur gemeinsam ist man stark!<\/p>\n\n\n\n<p>Als ich ca. einen\nMonat wieder zuhause war, habe ich eine Nachricht bekommen, ob ich es mir nicht\n\u00fcberlegen m\u00f6chte Dina zu adoptieren. <\/p>\n\n\n\n<div class=\"wp-block-image\"><figure class=\"alignleft size-large\"><img loading=\"lazy\" decoding=\"async\" width=\"283\" height=\"376\" src=\"https:\/\/herzenswunsch.cloud\/wp-content\/uploads\/2020\/03\/manutext2.jpg\" alt=\"\" class=\"wp-image-2328\" srcset=\"https:\/\/herzenswunsch.cloud\/wp-content\/uploads\/2020\/03\/manutext2.jpg 283w, https:\/\/herzenswunsch.cloud\/wp-content\/uploads\/2020\/03\/manutext2-226x300.jpg 226w\" sizes=\"auto, (max-width: 283px) 100vw, 283px\" \/><\/figure><\/div>\n\n\n\n<p>Ich habe lange studiert und wusste nicht was\nich mache sollte, dieses kleine M\u00e4dchen mit ihren Kulleraugen, ja bei diesen\n200 Hunden lernte ich auch was ein Hundeblick ist.<\/p>\n\n\n\n<p>Also habe ich mir\nein Herz gefasst und habe die kleine Maus im September 2015 zu mir kommen\nlassen.<\/p>\n\n\n\n<p>Sie bereichert\njeden Tag aufs Neue mein Leben. Und sie ist das beste was mir je passiert ist.<\/p>\n\n\n\n<p>Wieso ein Hund\naus dem Tierschutz, genau darum!<\/p>\n\n\n\n<p>Diese Hunde\nwissen genau, wie es ist nicht geliebt, sondern nur missachtet und ausgenutzt\nzu werden. Auch sie haben es verdient geliebt zu werden und diese Liebe wird\njeden Tag aufs Neue so gezeigt das man nicht verstehen kann wie ein Mensch\neinem Tier so schaden kann.<\/p>\n\n\n\n<p>Meine\nTierschutzreise war jedoch damit nicht beendet.<\/p>\n\n\n\n<p>Ich habe mich\nweiterhin f\u00fcr dieses Refugio eingesetzt und war auch Patin einer s\u00fcssen kleinen\nH\u00fcndin, die mittlerweile auch hier in der Schweiz ein tolles zuhause gefunden\nhat.<\/p>\n\n\n\n<p>2018 entdeckte\nich via Facebook dann den Casa Mama Rosa Shelter in Rum\u00e4nien. Der mein Herz im\nSturm eroberte. Ich war Feuer und Flamme f\u00fcr dieses Projekt und es ging nicht\nlange und ich hatte meinen ersten Patenhund, den Askan. Einen dreibeinigen\nR\u00fcden. Dieser Blick, zum Schmelzen. <\/p>\n\n\n\n<p>Ich erz\u00e4hlte\nmeiner Mama davon und auch sie war gleich mit an Bord.<\/p>\n\n\n\n<p>Mittlerweile habe\nich 3 Patenhunde im Rum\u00e4nien, und meine Eltern 9. Aber dabei blieb es nicht.<\/p>\n\n\n\n<p>Wir haben Andrea\nmeine Schw\u00e4gerin und Michael meinen Bruder auch mit dem Virus angesteckt.<\/p>\n\n\n\n<p>Am 1.Novemeber\n2019, war es dann soweit, wir gr\u00fcndeten unseren eigenen Tierschutzverein.<\/p>\n\n\n\n<figure class=\"wp-block-image size-large\"><img loading=\"lazy\" decoding=\"async\" width=\"547\" height=\"224\" src=\"https:\/\/herzenswunsch.cloud\/wp-content\/uploads\/2020\/03\/manutext1.jpg\" alt=\"\" class=\"wp-image-2329\" srcset=\"https:\/\/herzenswunsch.cloud\/wp-content\/uploads\/2020\/03\/manutext1.jpg 547w, https:\/\/herzenswunsch.cloud\/wp-content\/uploads\/2020\/03\/manutext1-300x123.jpg 300w\" sizes=\"auto, (max-width: 547px) 100vw, 547px\" \/><\/figure>\n\n\n\n<p>Unser Ziel, die\nUnterst\u00fctzung von Casa Mama Rosa, in Zusammenarbeit mit dem deutschen Verein \u00abStille\nPfoten\u00bb<\/p>\n\n\n\n<p>Was ist Casa Mama\nRosa?&nbsp; <\/p>\n\n\n\n<p>Silvia\nMihai hat vor etwa 10 Jahren ihren Dalmatiner-Mix von der Stra\u00dfe gerettet, ihn\nbei sich aufgenommen und aufgep\u00e4ppelt. Als sie die positive Entwicklung von Max\nerkannte und sp\u00fcrte, wie dankbar er f\u00fcr die Rettung war, kam ihr die Idee, dass\nsie noch mehr Tieren von der Stra\u00dfe diese Chance geben m\u00f6chte.<\/p>\n\n\n\n<p>St\u00fcck\nf\u00fcr St\u00fcck wurde angefangen ein Shelter zu bauen, wo die Tiere ein Zuhause\nfanden. Dieses Shelter befand sich direkt hinter ihrem Haus. Dank einer unglaublichen\nSpende einer verstorbenen Frau, war es m\u00f6glich ein Grundst\u00fcck in Haus N\u00e4he zu\npachten und ein neues Shelter zu bauen. Dort sind mittlerweile 50 Zwinger\naufgestellt und 200 Hunde aufgenommen worden.<\/p>\n\n\n\n<p>Der\nName dieser Dame war \u201eRosa\u201c.&nbsp; Aus\nDankbarkeit entstand der Name f\u00fcr unser Shelter \u201eCasa Mama Rosa\u201c, denn ohne\ndiese Frau w\u00e4ren nun alle Hunde tot.<\/p>\n\n\n\n<div class=\"wp-block-image\"><figure class=\"alignright size-large\"><img loading=\"lazy\" decoding=\"async\" width=\"362\" height=\"272\" src=\"https:\/\/herzenswunsch.cloud\/wp-content\/uploads\/2020\/03\/manutext.jpg\" alt=\"\" class=\"wp-image-2330\" srcset=\"https:\/\/herzenswunsch.cloud\/wp-content\/uploads\/2020\/03\/manutext.jpg 362w, https:\/\/herzenswunsch.cloud\/wp-content\/uploads\/2020\/03\/manutext-300x225.jpg 300w\" sizes=\"auto, (max-width: 362px) 100vw, 362px\" \/><\/figure><\/div>\n\n\n\n<p>Seit dem Dezember 2019 ist auch\nein kleiner Rum\u00e4ne noch bei mir eingezogen. Neo, der nun zusammen mit Dina mein\nLeben versch\u00f6nert.<\/p>\n\n\n\n<p>Das\nist meine kleine Geschichte zum Tierschutz im Ausland.<\/p>\n\n\n\n<p>Tierschutz\nist kein Anlass zur Freude, sondern einen Grund sich zu sch\u00e4men das wir ihn brauchen!\n<\/p>\n","protected":false},"excerpt":{"rendered":"<p>Von Manuela Wie ich zum Auslandstierschutz gekommen bin, meine Geschichte. Im Herbst 2014 hatte ich einen Termin bei Dania Hollenstein im Tattoo Studio. Von Dania weiss ich das sie sich extrem f\u00fcr Tiere und vor allem der Tierschutz im Ausland engagierte. Und so sind wir auf ein Projekt in Spanien zusprechen kommen. Sie erz\u00e4hlte mir &hellip; <a href=\"https:\/\/herzenswunsch.cloud\/?page_id=2321\" class=\"more-link\"><span class=\"screen-reader-text\">Unsere Erfahrungen<\/span> weiterlesen <span class=\"meta-nav\">&rarr;<\/span><\/a><\/p>\n","protected":false},"author":2,"featured_media":0,"parent":0,"menu_order":0,"comment_status":"closed","ping_status":"closed","template":"","meta":{"footnotes":""},"class_list":["post-2321","page","type-page","status-publish","hentry"],"jetpack_sharing_enabled":true,"_links":{"self":[{"href":"https:\/\/herzenswunsch.cloud\/index.php?rest_route=\/wp\/v2\/pages\/2321","targetHints":{"allow":["GET"]}}],"collection":[{"href":"https:\/\/herzenswunsch.cloud\/index.php?rest_route=\/wp\/v2\/pages"}],"about":[{"href":"https:\/\/herzenswunsch.cloud\/index.php?rest_route=\/wp\/v2\/types\/page"}],"author":[{"embeddable":true,"href":"https:\/\/herzenswunsch.cloud\/index.php?rest_route=\/wp\/v2\/users\/2"}],"replies":[{"embeddable":true,"href":"https:\/\/herzenswunsch.cloud\/index.php?rest_route=%2Fwp%2Fv2%2Fcomments&post=2321"}],"version-history":[{"count":4,"href":"https:\/\/herzenswunsch.cloud\/index.php?rest_route=\/wp\/v2\/pages\/2321\/revisions"}],"predecessor-version":[{"id":2335,"href":"https:\/\/herzenswunsch.cloud\/index.php?rest_route=\/wp\/v2\/pages\/2321\/revisions\/2335"}],"wp:attachment":[{"href":"https:\/\/herzenswunsch.cloud\/index.php?rest_route=%2Fwp%2Fv2%2Fmedia&parent=2321"}],"curies":[{"name":"wp","href":"https:\/\/api.w.org\/{rel}","templated":true}]}}