{"id":2665,"date":"2020-09-23T17:02:22","date_gmt":"2020-09-23T17:02:22","guid":{"rendered":"https:\/\/herzenswunsch.cloud\/?page_id=2665"},"modified":"2024-11-11T19:00:32","modified_gmt":"2024-11-11T19:00:32","slug":"casa-helvetia","status":"publish","type":"page","link":"https:\/\/herzenswunsch.cloud\/?page_id=2665","title":{"rendered":"Casa Helvetia"},"content":{"rendered":"\n<p>Seit 1990 organisiert Walter Podolak aus R\u00fcti ZH zusammen mit freiwilligen Helfern Hilfsg\u00fctertransporte nach Rum\u00e4nien. Unterst\u00fctzt werden Krankenh\u00e4user, Kinder- Altersheime, sowie Schulen und Familien.&nbsp;Gesammelt wird, Kleider, Schuhe, Stoffe, Wolle, Spielsachen, Schul- und B\u00fcromaterial, saubere Matratzen, Decken, Geschirr sowie Werkzeug und Maschinen aller Art.Mit dem Bau eines Lagerhauses in Tudor \u2013 Vladimirescu, dass von der moldawischen Bev\u00f6lkerung Schweizer \u2013 Haus genannt wird, ist die Organisation zu ihrem Namen gekommen.Zu beginn war das Lager in Wolfhausen jetzt im Jahr 2020 befindet es sich in Jonschwil. In unz\u00e4hligen Stunden werden da Sachspende sortiert.Mit diesen Hilfsg\u00fctern will Walter Podolak in erster Linie die gr\u00f6sste Not der Bev\u00f6lkerung lindern. Der psychologische Effekt ist erfreulich. In zweiter Linie versucht er und sein Team, viele Menschen zu begleiten.&nbsp;\u00abEs n\u00fctzt nichts, wenn man Maschinen, Werkzeug und Saatgut vor die T\u00fcre stellt, von denen sie keine Ahnung haben. Wir versuchen der Bev\u00f6lkerung den Umgang mit diesen G\u00fctern zu vermitteln. Auch auf moralische Hilfe sind sie angewiesen, denn viele befinden sich in einer tiefen Depression. Aus Angst vor dem Staat ist jede Eigeninitiative abhandengekommen. Mit unserer Aufmunterung haben sich bereits viele entschlossen ihr Leben wieder selber in die Hand zu nehmen. So haben sich einige zusammengeschlossen und einen Dorfladen er\u00f6ffnet. Mit einem Zinslosen Darlehen aus unserem Hilfsfond haben sie bereits eine Maism\u00fchle gekauft und damit wieder Arbeitspl\u00e4tze geschaffen. Dabei ist zu beachten das solche Projekte Nachahmer finden und so zur Gesundung der Wirtschaft beigetragen wird\u00bb erz\u00e4hlt Podolak.Er erz\u00e4hlt weiter, \u00ab unser Augenmerk haben wir f\u00fcr die nahe Zukunft auf die Sanierung von Dorfschulen gelenkt. Die Bildung ist f\u00fcr eine breite Schicht der Bev\u00f6lkerung einfach zu teuer. Das gesamte Material f\u00fcr den Unterricht m\u00fcssen die Eltern bezahlen. F\u00fcr die meisten Familien mit bis zu 20 Kindern ein unl\u00f6sbares Problem. Damit nicht noch mehr fr\u00fchzeitig aus der Schule genommen werden m\u00fcssen, versuchen wir mit ausgedientem Schulmaterial eine M\u00f6glichkeit f\u00fcr die Kinder zu schafen\u00bb.&nbsp;Nat\u00fcrlich sind all diese Projekte nicht machbar ohne finanzielle Unterst\u00fctzung.&nbsp;<br>Im Fr\u00fchjahr 2020 entstand der erste Kontakt zu Walter selber, wir vom Verein Herzenswunsch, starteten verschiedene Aufrufe, auch Privat, dass wir Kleidung, Schuhe und Spielsachen sammeln. Dinge die sonst im Abfall landen w\u00fcrden.&nbsp;Was Anfangs ein kleiner Aufruf war gestaltet sich mittlerweile als ein grossartiges Projekt. Wir unterst\u00fctzen Walter, sein Team und die Leute vor Ort, so gut es uns m\u00f6glich ist.&nbsp;Seit 2013 ist Walter Podolak nun in der Region Bihor t\u00e4tig. Zusammen mit seiner Frau gr\u00fcndet er in Rum\u00e4nien die Organisation Fundatia Varadinum und im Oktober 2020 kann er sein 30-J\u00e4hriges Jubil\u00e4um feiern. Varadinum ist der r\u00f6mische Namen von Oradea.\u00dcber 100 Lastwagen mit je ca. 12 Tonnen Material haben bis jetzt den Weg nach Rum\u00e4nien gefunden.<br>Walter hofft, es werden noch viele Folgen\u2026<br><br>Kinderheime die regelm\u00e4ssig beliefert werden:<\/p>\n\n\n\n<p>&#8211; Fundatia Copiii Dragostei<\/p>\n\n\n\n<p>&#8211; Fundatia de Caritate Emanuel Speranta RO<\/p>\n\n\n\n<p>&#8211; Asociata Sf. Nicolae Ocrotitorul Saracilor<\/p>\n\n\n\n<p>&#8211; Fundatia Bocskai &nbsp;Istvan<br><br>Ein sch\u00f6ner Spruch von Walter zum Abschluss:&nbsp;<br>\u00abder Himmel hat mir immer wieder geholfen, bei meinen 120 Fahrten nach Rum\u00e4nien ist nie ein Unfall passiert\u00bb<\/p>\n","protected":false},"excerpt":{"rendered":"<p>Seit 1990 organisiert Walter Podolak aus R\u00fcti ZH zusammen mit freiwilligen Helfern Hilfsg\u00fctertransporte nach Rum\u00e4nien. Unterst\u00fctzt werden Krankenh\u00e4user, Kinder- Altersheime, sowie Schulen und Familien.&nbsp;Gesammelt wird, Kleider, Schuhe, Stoffe, Wolle, Spielsachen, Schul- und B\u00fcromaterial, saubere Matratzen, Decken, Geschirr sowie Werkzeug und Maschinen aller Art.Mit dem Bau eines Lagerhauses in Tudor \u2013 Vladimirescu, dass von der moldawischen &hellip; <a href=\"https:\/\/herzenswunsch.cloud\/?page_id=2665\" class=\"more-link\"><span class=\"screen-reader-text\">Casa Helvetia<\/span> weiterlesen <span class=\"meta-nav\">&rarr;<\/span><\/a><\/p>\n","protected":false},"author":2,"featured_media":0,"parent":0,"menu_order":0,"comment_status":"closed","ping_status":"closed","template":"","meta":{"footnotes":""},"class_list":["post-2665","page","type-page","status-publish","hentry"],"jetpack_sharing_enabled":true,"_links":{"self":[{"href":"https:\/\/herzenswunsch.cloud\/index.php?rest_route=\/wp\/v2\/pages\/2665","targetHints":{"allow":["GET"]}}],"collection":[{"href":"https:\/\/herzenswunsch.cloud\/index.php?rest_route=\/wp\/v2\/pages"}],"about":[{"href":"https:\/\/herzenswunsch.cloud\/index.php?rest_route=\/wp\/v2\/types\/page"}],"author":[{"embeddable":true,"href":"https:\/\/herzenswunsch.cloud\/index.php?rest_route=\/wp\/v2\/users\/2"}],"replies":[{"embeddable":true,"href":"https:\/\/herzenswunsch.cloud\/index.php?rest_route=%2Fwp%2Fv2%2Fcomments&post=2665"}],"version-history":[{"count":5,"href":"https:\/\/herzenswunsch.cloud\/index.php?rest_route=\/wp\/v2\/pages\/2665\/revisions"}],"predecessor-version":[{"id":3333,"href":"https:\/\/herzenswunsch.cloud\/index.php?rest_route=\/wp\/v2\/pages\/2665\/revisions\/3333"}],"wp:attachment":[{"href":"https:\/\/herzenswunsch.cloud\/index.php?rest_route=%2Fwp%2Fv2%2Fmedia&parent=2665"}],"curies":[{"name":"wp","href":"https:\/\/api.w.org\/{rel}","templated":true}]}}