{"id":43,"date":"2019-11-03T09:52:18","date_gmt":"2019-11-03T09:52:18","guid":{"rendered":"https:\/\/herzenswunsch.cloud\/?page_id=43"},"modified":"2020-07-07T18:46:25","modified_gmt":"2020-07-07T18:46:25","slug":"ueber-uns","status":"publish","type":"page","link":"https:\/\/herzenswunsch.cloud\/?page_id=43","title":{"rendered":"\u00dcber uns"},"content":{"rendered":"\n<div class=\"wp-block-media-text alignwide has-media-on-the-right\"><figure class=\"wp-block-media-text__media\"><img loading=\"lazy\" decoding=\"async\" width=\"839\" height=\"1024\" src=\"https:\/\/herzenswunsch.cloud\/wp-content\/uploads\/2019\/11\/Roli-839x1024.jpeg\" alt=\"\" class=\"wp-image-87\" srcset=\"https:\/\/herzenswunsch.cloud\/wp-content\/uploads\/2019\/11\/Roli-839x1024.jpeg 839w, https:\/\/herzenswunsch.cloud\/wp-content\/uploads\/2019\/11\/Roli-246x300.jpeg 246w, https:\/\/herzenswunsch.cloud\/wp-content\/uploads\/2019\/11\/Roli-768x937.jpeg 768w, https:\/\/herzenswunsch.cloud\/wp-content\/uploads\/2019\/11\/Roli-700x854.jpeg 700w, https:\/\/herzenswunsch.cloud\/wp-content\/uploads\/2019\/11\/Roli-328x400.jpeg 328w, https:\/\/herzenswunsch.cloud\/wp-content\/uploads\/2019\/11\/Roli.jpeg 1441w\" sizes=\"auto, (max-width: 839px) 100vw, 839px\" \/><\/figure><div class=\"wp-block-media-text__content\">\n<p><em>Pr\u00e4sident<\/em><br>Der Schutz der Tiere ist f\u00fcr mich sehr wichtig, da sie ihre Stimme nicht selber erheben k\u00f6nnen und sie uns viel geben. <br> Ich heisse Roland B\u00e4chi und setze mich schon l\u00e4nger f\u00fcr den Schutz der Tiere ein.<\/p>\n\n\n\n<p>Meine Patenhunde heissen Aila, Amira, Denia und Rasco.  <\/p>\n<\/div><\/div>\n\n\n\n<p><\/p>\n\n\n\n<div class=\"wp-block-media-text alignwide\"><figure class=\"wp-block-media-text__media\"><img loading=\"lazy\" decoding=\"async\" width=\"1024\" height=\"678\" src=\"https:\/\/herzenswunsch.cloud\/wp-content\/uploads\/2019\/11\/Hanny-1024x678.jpeg\" alt=\"\" class=\"wp-image-88\" srcset=\"https:\/\/herzenswunsch.cloud\/wp-content\/uploads\/2019\/11\/Hanny-1024x678.jpeg 1024w, https:\/\/herzenswunsch.cloud\/wp-content\/uploads\/2019\/11\/Hanny-300x199.jpeg 300w, https:\/\/herzenswunsch.cloud\/wp-content\/uploads\/2019\/11\/Hanny-768x509.jpeg 768w, https:\/\/herzenswunsch.cloud\/wp-content\/uploads\/2019\/11\/Hanny-700x463.jpeg 700w, https:\/\/herzenswunsch.cloud\/wp-content\/uploads\/2019\/11\/Hanny-2000x1324.jpeg 2000w, https:\/\/herzenswunsch.cloud\/wp-content\/uploads\/2019\/11\/Hanny-604x400.jpeg 604w, https:\/\/herzenswunsch.cloud\/wp-content\/uploads\/2019\/11\/Hanny.jpeg 2048w\" sizes=\"auto, (max-width: 1024px) 100vw, 1024px\" \/><\/figure><div class=\"wp-block-media-text__content\">\n<p><em>Vizepr\u00e4sidentin<\/em><br><em>Marketing\/ Vermittlung<\/em><br>Tierschutz heisst f\u00fcr mich, nicht weg zu schauen, wenn Tiere in Not sind. Sie bedanken sich ein Leben lang daf\u00fcr. <br> Mein Name ist Hanny Zanforlin und ich setze mich seit einigen Jahren f\u00fcr den Tierschutz ein.<\/p>\n\n\n\n<p>Meine Patenhunde heissen Lumi, Jack, Lucy und Cina.<\/p>\n<\/div><\/div>\n\n\n\n<p><\/p>\n\n\n\n<div class=\"wp-block-media-text alignwide has-media-on-the-right\"><figure class=\"wp-block-media-text__media\"><img loading=\"lazy\" decoding=\"async\" width=\"1024\" height=\"683\" src=\"https:\/\/herzenswunsch.cloud\/wp-content\/uploads\/2020\/07\/901DE1E3-8B52-44A9-B984-16B5A0D8C316-1024x683.jpeg\" alt=\"\" class=\"wp-image-2574\" srcset=\"https:\/\/herzenswunsch.cloud\/wp-content\/uploads\/2020\/07\/901DE1E3-8B52-44A9-B984-16B5A0D8C316-1024x683.jpeg 1024w, https:\/\/herzenswunsch.cloud\/wp-content\/uploads\/2020\/07\/901DE1E3-8B52-44A9-B984-16B5A0D8C316-300x200.jpeg 300w, https:\/\/herzenswunsch.cloud\/wp-content\/uploads\/2020\/07\/901DE1E3-8B52-44A9-B984-16B5A0D8C316-768x512.jpeg 768w, https:\/\/herzenswunsch.cloud\/wp-content\/uploads\/2020\/07\/901DE1E3-8B52-44A9-B984-16B5A0D8C316-1536x1025.jpeg 1536w, https:\/\/herzenswunsch.cloud\/wp-content\/uploads\/2020\/07\/901DE1E3-8B52-44A9-B984-16B5A0D8C316-700x467.jpeg 700w, https:\/\/herzenswunsch.cloud\/wp-content\/uploads\/2020\/07\/901DE1E3-8B52-44A9-B984-16B5A0D8C316-2000x1334.jpeg 2000w, https:\/\/herzenswunsch.cloud\/wp-content\/uploads\/2020\/07\/901DE1E3-8B52-44A9-B984-16B5A0D8C316-900x600.jpeg 900w, https:\/\/herzenswunsch.cloud\/wp-content\/uploads\/2020\/07\/901DE1E3-8B52-44A9-B984-16B5A0D8C316-600x400.jpeg 600w, https:\/\/herzenswunsch.cloud\/wp-content\/uploads\/2020\/07\/901DE1E3-8B52-44A9-B984-16B5A0D8C316.jpeg 2048w\" sizes=\"auto, (max-width: 1024px) 100vw, 1024px\" \/><\/figure><div class=\"wp-block-media-text__content\">\n<p><em>Kassierin <\/em><br>Warum ich mich f\u00fcr Tiere im In- und Ausland einsetze? Weil sie unsere Hilfe brauchen. Tiere k\u00f6nnen nicht f\u00fcr sich selbst sprechen, darum ist es wichtig, dass wir Menschen in den notwendigen Situationen unsere Stimme f\u00fcr sie erheben. <br>Mein Name ist Manuela Zanforlin und  ich setze mich seit dem Sommer 2015 aktiv f\u00fcr Tiere im Ausland ein.<\/p>\n\n\n\n<p>Meine Patenhunde bei Casa Mama Rosa heissen Samia, Lia und Ivory.\n\n<\/p>\n<\/div><\/div>\n\n\n\n<p><\/p>\n\n\n\n<p class=\"has-text-align-left\"><em>Aktuarin<\/em><br>Die Tierliebe wurde mir quasi in die Wiege gelegt, denn meine komplette Familie liebt Tiere &amp; unsere Eltern haben uns den respektvollen Umgang mit Tieren schon fr\u00fch beigebracht. <\/p>\n\n\n\n<div class=\"wp-block-image\"><figure class=\"alignright size-large is-resized\"><img loading=\"lazy\" decoding=\"async\" src=\"https:\/\/herzenswunsch.cloud\/wp-content\/uploads\/2020\/05\/8DF90C15-48C8-4D92-9A9F-CE8C83675B77-1024x768.jpeg\" alt=\"\" class=\"wp-image-2474\" width=\"256\" height=\"192\" srcset=\"https:\/\/herzenswunsch.cloud\/wp-content\/uploads\/2020\/05\/8DF90C15-48C8-4D92-9A9F-CE8C83675B77-1024x768.jpeg 1024w, https:\/\/herzenswunsch.cloud\/wp-content\/uploads\/2020\/05\/8DF90C15-48C8-4D92-9A9F-CE8C83675B77-300x225.jpeg 300w, https:\/\/herzenswunsch.cloud\/wp-content\/uploads\/2020\/05\/8DF90C15-48C8-4D92-9A9F-CE8C83675B77-768x576.jpeg 768w, https:\/\/herzenswunsch.cloud\/wp-content\/uploads\/2020\/05\/8DF90C15-48C8-4D92-9A9F-CE8C83675B77-1536x1152.jpeg 1536w, https:\/\/herzenswunsch.cloud\/wp-content\/uploads\/2020\/05\/8DF90C15-48C8-4D92-9A9F-CE8C83675B77-700x525.jpeg 700w, https:\/\/herzenswunsch.cloud\/wp-content\/uploads\/2020\/05\/8DF90C15-48C8-4D92-9A9F-CE8C83675B77-2000x1500.jpeg 2000w, https:\/\/herzenswunsch.cloud\/wp-content\/uploads\/2020\/05\/8DF90C15-48C8-4D92-9A9F-CE8C83675B77-533x400.jpeg 533w, https:\/\/herzenswunsch.cloud\/wp-content\/uploads\/2020\/05\/8DF90C15-48C8-4D92-9A9F-CE8C83675B77.jpeg 2048w\" sizes=\"auto, (max-width: 256px) 100vw, 256px\" \/><\/figure><\/div>\n\n\n\n<p>Ausserdem habe ich einen sehr ausgepr\u00e4gten Gerechtigkeitssinn, der\u2018s mir schwer macht weg zuschauen &amp; genau deshalb bin ich schon seid 2016 in den verschiedensten Organisationen grossz\u00fcgige Spenderin &amp; engagiere mich seid 2019 als Patin bei Herzenswunsch.cloud<\/p>\n\n\n\n<p>Mein Name ist Christina Tzouratzis &amp; ich bin seit 2020 aktives Mitglied des Herzenswunsch-Vereins. <\/p>\n\n\n\n<p>Meine Patenhunde bei Casa Mama Rosa sind Yasu &amp; Mariko.<\/p>\n\n\n\n<p><\/p>\n","protected":false},"excerpt":{"rendered":"<p>Pr\u00e4sidentDer Schutz der Tiere ist f\u00fcr mich sehr wichtig, da sie ihre Stimme nicht selber erheben k\u00f6nnen und sie uns viel geben. Ich heisse Roland B\u00e4chi und setze mich schon l\u00e4nger f\u00fcr den Schutz der Tiere ein. Meine Patenhunde heissen Aila, Amira, Denia und Rasco. Vizepr\u00e4sidentinMarketing\/ VermittlungTierschutz heisst f\u00fcr mich, nicht weg zu schauen, wenn &hellip; <a href=\"https:\/\/herzenswunsch.cloud\/?page_id=43\" class=\"more-link\"><span class=\"screen-reader-text\">\u00dcber uns<\/span> weiterlesen <span class=\"meta-nav\">&rarr;<\/span><\/a><\/p>\n","protected":false},"author":2,"featured_media":0,"parent":0,"menu_order":0,"comment_status":"closed","ping_status":"closed","template":"","meta":{"footnotes":""},"class_list":["post-43","page","type-page","status-publish","hentry"],"jetpack_sharing_enabled":true,"_links":{"self":[{"href":"https:\/\/herzenswunsch.cloud\/index.php?rest_route=\/wp\/v2\/pages\/43","targetHints":{"allow":["GET"]}}],"collection":[{"href":"https:\/\/herzenswunsch.cloud\/index.php?rest_route=\/wp\/v2\/pages"}],"about":[{"href":"https:\/\/herzenswunsch.cloud\/index.php?rest_route=\/wp\/v2\/types\/page"}],"author":[{"embeddable":true,"href":"https:\/\/herzenswunsch.cloud\/index.php?rest_route=\/wp\/v2\/users\/2"}],"replies":[{"embeddable":true,"href":"https:\/\/herzenswunsch.cloud\/index.php?rest_route=%2Fwp%2Fv2%2Fcomments&post=43"}],"version-history":[{"count":42,"href":"https:\/\/herzenswunsch.cloud\/index.php?rest_route=\/wp\/v2\/pages\/43\/revisions"}],"predecessor-version":[{"id":2576,"href":"https:\/\/herzenswunsch.cloud\/index.php?rest_route=\/wp\/v2\/pages\/43\/revisions\/2576"}],"wp:attachment":[{"href":"https:\/\/herzenswunsch.cloud\/index.php?rest_route=%2Fwp%2Fv2%2Fmedia&parent=43"}],"curies":[{"name":"wp","href":"https:\/\/api.w.org\/{rel}","templated":true}]}}