{"id":719,"date":"2020-01-24T09:58:18","date_gmt":"2020-01-24T09:58:18","guid":{"rendered":"https:\/\/herzenswunsch.cloud\/?page_id=719"},"modified":"2020-03-09T10:58:58","modified_gmt":"2020-03-09T10:58:58","slug":"events","status":"publish","type":"page","link":"https:\/\/herzenswunsch.cloud\/?page_id=719","title":{"rendered":"Events"},"content":{"rendered":"\n<h2 class=\"wp-block-heading\">Komm vorbei!!<\/h2>\n\n\n\n<figure class=\"wp-block-image size-large\"><img loading=\"lazy\" decoding=\"async\" width=\"1024\" height=\"576\" src=\"https:\/\/herzenswunsch.cloud\/wp-content\/uploads\/2020\/02\/event1-1024x576.jpeg\" alt=\"\" class=\"wp-image-885\" srcset=\"https:\/\/herzenswunsch.cloud\/wp-content\/uploads\/2020\/02\/event1-1024x576.jpeg 1024w, https:\/\/herzenswunsch.cloud\/wp-content\/uploads\/2020\/02\/event1-300x169.jpeg 300w, https:\/\/herzenswunsch.cloud\/wp-content\/uploads\/2020\/02\/event1-768x432.jpeg 768w, https:\/\/herzenswunsch.cloud\/wp-content\/uploads\/2020\/02\/event1-700x394.jpeg 700w, https:\/\/herzenswunsch.cloud\/wp-content\/uploads\/2020\/02\/event1-711x400.jpeg 711w, https:\/\/herzenswunsch.cloud\/wp-content\/uploads\/2020\/02\/event1.jpeg 1280w\" sizes=\"auto, (max-width: 1024px) 100vw, 1024px\" \/><\/figure>\n\n\n\n<figure class=\"wp-block-image size-large\"><img loading=\"lazy\" decoding=\"async\" width=\"1024\" height=\"613\" src=\"https:\/\/herzenswunsch.cloud\/wp-content\/uploads\/2020\/03\/event3a-1024x613.jpeg\" alt=\"\" class=\"wp-image-2339\" srcset=\"https:\/\/herzenswunsch.cloud\/wp-content\/uploads\/2020\/03\/event3a-1024x613.jpeg 1024w, https:\/\/herzenswunsch.cloud\/wp-content\/uploads\/2020\/03\/event3a-300x180.jpeg 300w, https:\/\/herzenswunsch.cloud\/wp-content\/uploads\/2020\/03\/event3a-768x460.jpeg 768w, https:\/\/herzenswunsch.cloud\/wp-content\/uploads\/2020\/03\/event3a-700x419.jpeg 700w, https:\/\/herzenswunsch.cloud\/wp-content\/uploads\/2020\/03\/event3a-668x400.jpeg 668w, https:\/\/herzenswunsch.cloud\/wp-content\/uploads\/2020\/03\/event3a.jpeg 1133w\" sizes=\"auto, (max-width: 1024px) 100vw, 1024px\" \/><\/figure>\n\n\n\n<figure class=\"wp-block-image size-large\"><img loading=\"lazy\" decoding=\"async\" width=\"960\" height=\"568\" src=\"https:\/\/herzenswunsch.cloud\/wp-content\/uploads\/2020\/03\/event4.jpg\" alt=\"\" class=\"wp-image-2341\" srcset=\"https:\/\/herzenswunsch.cloud\/wp-content\/uploads\/2020\/03\/event4.jpg 960w, https:\/\/herzenswunsch.cloud\/wp-content\/uploads\/2020\/03\/event4-300x178.jpg 300w, https:\/\/herzenswunsch.cloud\/wp-content\/uploads\/2020\/03\/event4-768x454.jpg 768w, https:\/\/herzenswunsch.cloud\/wp-content\/uploads\/2020\/03\/event4-700x414.jpg 700w, https:\/\/herzenswunsch.cloud\/wp-content\/uploads\/2020\/03\/event4-676x400.jpg 676w\" sizes=\"auto, (max-width: 960px) 100vw, 960px\" \/><figcaption> Die Cross Arena \u00f6ffnet ebenfalls ihre Tore am 11.April f\u00fcr unseren Event&#8230;\u00a0\ud83e\udd29<br>Kommt vorbei und seht euch die sensationelle Cross Arena an\ud83d\udcaa\ud83c\udffb <\/figcaption><\/figure>\n\n\n\n<p><\/p>\n\n\n\n<p><\/p>\n\n\n\n<h2 class=\"wp-block-heading\">Versteigerung<\/h2>\n\n\n\n<figure class=\"wp-block-gallery columns-2 is-cropped wp-block-gallery-1 is-layout-flex wp-block-gallery-is-layout-flex\"><ul class=\"blocks-gallery-grid\"><li class=\"blocks-gallery-item\"><figure><img loading=\"lazy\" decoding=\"async\" width=\"960\" height=\"888\" src=\"https:\/\/herzenswunsch.cloud\/wp-content\/uploads\/2020\/01\/wood.jpg\" alt=\"\" data-id=\"727\" data-full-url=\"https:\/\/herzenswunsch.cloud\/wp-content\/uploads\/2020\/01\/wood.jpg\" data-link=\"https:\/\/herzenswunsch.cloud\/?attachment_id=727\" class=\"wp-image-727\" srcset=\"https:\/\/herzenswunsch.cloud\/wp-content\/uploads\/2020\/01\/wood.jpg 960w, https:\/\/herzenswunsch.cloud\/wp-content\/uploads\/2020\/01\/wood-300x278.jpg 300w, https:\/\/herzenswunsch.cloud\/wp-content\/uploads\/2020\/01\/wood-768x710.jpg 768w, https:\/\/herzenswunsch.cloud\/wp-content\/uploads\/2020\/01\/wood-700x648.jpg 700w, https:\/\/herzenswunsch.cloud\/wp-content\/uploads\/2020\/01\/wood-432x400.jpg 432w\" sizes=\"auto, (max-width: 960px) 100vw, 960px\" \/><\/figure><\/li><li class=\"blocks-gallery-item\"><figure><img loading=\"lazy\" decoding=\"async\" width=\"960\" height=\"921\" src=\"https:\/\/herzenswunsch.cloud\/wp-content\/uploads\/2020\/01\/wood1.jpg\" alt=\"\" data-id=\"728\" data-full-url=\"https:\/\/herzenswunsch.cloud\/wp-content\/uploads\/2020\/01\/wood1.jpg\" data-link=\"https:\/\/herzenswunsch.cloud\/?attachment_id=728\" class=\"wp-image-728\" srcset=\"https:\/\/herzenswunsch.cloud\/wp-content\/uploads\/2020\/01\/wood1.jpg 960w, https:\/\/herzenswunsch.cloud\/wp-content\/uploads\/2020\/01\/wood1-300x288.jpg 300w, https:\/\/herzenswunsch.cloud\/wp-content\/uploads\/2020\/01\/wood1-768x737.jpg 768w, https:\/\/herzenswunsch.cloud\/wp-content\/uploads\/2020\/01\/wood1-700x672.jpg 700w, https:\/\/herzenswunsch.cloud\/wp-content\/uploads\/2020\/01\/wood1-417x400.jpg 417w\" sizes=\"auto, (max-width: 960px) 100vw, 960px\" \/><\/figure><\/li><\/ul><\/figure>\n\n\n\n<blockquote class=\"wp-block-quote is-layout-flow wp-block-quote-is-layout-flow\"><p>Herzlichen Dank an J&amp;B Wood Art f\u00fcr diese grossz\u00fcgige Spende! <\/p><p>Diese einzigartige und handgefertigte Designer Lampe ist ein Einzelst\u00fcck und wir d\u00fcrfen sie zu Gunsten unseres Vereins www.Herzenswunsch.cloud versteigern! <\/p><p>Der Erl\u00f6s kommt den Hunden im Shelter Casa Mama Rosa zu Gute, je nach Bedarf werden wir uns f\u00fcr den jeweiligen Verwendungszweck entscheiden.<br> Ihr werdet dann dar\u00fcber Informiert.<\/p><p>Die Auktion startet ab jetzt, am Donnerstag 23. Januar 20 um 23.30 Uhr mit dem Mindestgebot von Fr. 99.00 und l\u00e4uft bis Donnerstag 06. Februar um 23.30 Uhr.<\/p><p>Bitte gebt Eure Gebote NUR auf unserer <a href=\"https:\/\/www.facebook.com\/107129220732231\/posts\/151853289593157\/?d=n\">FB Seite Herzenswunsch.cloud <\/a>im Originalpost ab, somit behalten wir die \u00dcbersicht.<\/p><p>M\u00f6ge das Gl\u00fcck Euch hold sein! <br> (Die Versandkosten in der Schweiz werde ich (Andrea) gerne \u00fcbernehmen.)<\/p><\/blockquote>\n","protected":false},"excerpt":{"rendered":"<p>Komm vorbei!! Versteigerung Herzlichen Dank an J&amp;B Wood Art f\u00fcr diese grossz\u00fcgige Spende! Diese einzigartige und handgefertigte Designer Lampe ist ein Einzelst\u00fcck und wir d\u00fcrfen sie zu Gunsten unseres Vereins www.Herzenswunsch.cloud versteigern! Der Erl\u00f6s kommt den Hunden im Shelter Casa Mama Rosa zu Gute, je nach Bedarf werden wir uns f\u00fcr den jeweiligen Verwendungszweck entscheiden. &hellip; <a href=\"https:\/\/herzenswunsch.cloud\/?page_id=719\" class=\"more-link\"><span class=\"screen-reader-text\">Events<\/span> weiterlesen <span class=\"meta-nav\">&rarr;<\/span><\/a><\/p>\n","protected":false},"author":2,"featured_media":0,"parent":0,"menu_order":0,"comment_status":"closed","ping_status":"closed","template":"","meta":{"footnotes":""},"class_list":["post-719","page","type-page","status-publish","hentry"],"jetpack_sharing_enabled":true,"_links":{"self":[{"href":"https:\/\/herzenswunsch.cloud\/index.php?rest_route=\/wp\/v2\/pages\/719","targetHints":{"allow":["GET"]}}],"collection":[{"href":"https:\/\/herzenswunsch.cloud\/index.php?rest_route=\/wp\/v2\/pages"}],"about":[{"href":"https:\/\/herzenswunsch.cloud\/index.php?rest_route=\/wp\/v2\/types\/page"}],"author":[{"embeddable":true,"href":"https:\/\/herzenswunsch.cloud\/index.php?rest_route=\/wp\/v2\/users\/2"}],"replies":[{"embeddable":true,"href":"https:\/\/herzenswunsch.cloud\/index.php?rest_route=%2Fwp%2Fv2%2Fcomments&post=719"}],"version-history":[{"count":14,"href":"https:\/\/herzenswunsch.cloud\/index.php?rest_route=\/wp\/v2\/pages\/719\/revisions"}],"predecessor-version":[{"id":2343,"href":"https:\/\/herzenswunsch.cloud\/index.php?rest_route=\/wp\/v2\/pages\/719\/revisions\/2343"}],"wp:attachment":[{"href":"https:\/\/herzenswunsch.cloud\/index.php?rest_route=%2Fwp%2Fv2%2Fmedia&parent=719"}],"curies":[{"name":"wp","href":"https:\/\/api.w.org\/{rel}","templated":true}]}}